{"id":495,"date":"2025-09-05T10:34:18","date_gmt":"2025-09-05T10:34:18","guid":{"rendered":"https:\/\/mdmakina.com\/?page_id=495"},"modified":"2026-04-29T05:15:09","modified_gmt":"2026-04-29T05:15:09","slug":"kanat-toplama-makinasi","status":"publish","type":"page","link":"https:\/\/mdmakina.com\/tr_tr\/pvc-makinalari\/kanat-toplama-makinasi\/","title":{"rendered":"KANAT TOPLAMA MAK\u0130NASI"},"content":{"rendered":"\n\n\n\n\n\n\n\n\n\n\n\n\n<h2>Pvc kanat toplama masas\u0131<\/h2>\n\n\n\n\n\n\n\n\n\n<p>Lorem Ipsum has been the industry&#8217;s standard dummy text ever since the 1500s.<\/p>\n\n\n\n\n\n<p>Lorem Ipsum has been the industry&#8217;s standard dummy text ever since the 1500s.<\/p>\n\n\n\n<h2>\u00a0 \u00a0KANAT TOPLAMA ISTASYONU<\/h2>\n\n\n\n\n\n\n\n<p [object NamedNodeMap]><span style=\"color:#000000;\">MD Makina\u2019n\u0131n kanat toplama makinas\u0131 ile PVC ve pencere kanat montaj\u0131nda zamandan tasarruf edin.<\/span> <\/p>\n\n\n\n<p [object NamedNodeMap]><span style=\"color:#000000;\">Otomatik ve manuel modellerimiz, ispanyolet, makas ve aksesuar montaj\u0131n\u0131 h\u0131zl\u0131, hassas ve sorunsuz \u015fekilde ger\u00e7ekle\u015ftirir.<\/span> <\/p>\n\n\n\n<span style=\"\"><p data-start=\"707\" data-end=\"707\" style=\"\"style=\"color: rgb(0, 0, 0);>\u00dcretim hatt\u0131n\u0131z\u0131 optimize ederek i\u015f g\u00fcc\u00fc maliyetlerinizi azalt\u0131r ve verimlili\u011fi art\u0131r\u0131r.<\/p><p data-start=\"464\" data-end=\"707\" style=\"\"><\/p><\/span><p data-start=\"707\" data-end=\"707\" style=\"\"><\/p><\/span><p data-start=\"707\" data-end=\"707\" style=\"\"><\/p><\/span><p data-start=\"464\" data-end=\"707\" style=\"\"><\/p><\/span><p data-start=\"464\" data-end=\"707\" style=\"\"><\/p><\/span><p data-start=\"707\" data-end=\"707\" style=\"color: rgb(0, 0, 0);\">Bursa\u2019da \u00fcretilen y\u00fcksek kaliteli makinelerimiz, dayan\u0131kl\u0131l\u0131\u011f\u0131 ve uzun \u00f6m\u00fcrl\u00fc performans\u0131 ile i\u015finizin kesintisiz \u00e7al\u0131\u015fmas\u0131n\u0131 sa\u011flar.<\/p><p data-start=\"464\" data-end=\"707\" style=\"\"><\/p>\n\n\n\n<p data-start=\"464\" data-end=\"707\" style=\"\"> <\/p><span style=\"color:#000000;\"><p data-start=\"464\" data-end=\"707\" style=\"\"style=\"color: rgb(0, 0, 0);>Kanat toplama makinas\u0131 ile montaj s\u00fcrecinizi profesyonelle\u015ftirin ve m\u00fc\u015fterilerinize \u00fcst\u00fcn kalite sunun.<\/p><p style=\"\">\n<\/p><p data-start=\"709\" data-end=\"797\" style=\"\"><\/p><\/span><p data-start=\"709\" data-end=\"797\" style=\"color: rgb(0, 0, 0);\">Hemen bizimle ileti\u015fime ge\u00e7in, \u00fcretiminizi bir \u00fcst seviyeye ta\u015f\u0131yacak \u00e7\u00f6z\u00fcm\u00fc ke\u015ffedin!<\/p>\n\n\n\n<p [object NamedNodeMap]>Farkl\u0131 seri de\u011fi\u015fik ebatlardaki kap\u0131 &amp; pencere kanat profil \u00fczerinde kullan\u0131lan t\u00fcm \u00e7ift a\u00e7\u0131l\u0131m aksesuarlar\u0131n; metre, kalem kullanmadan farkl\u0131 profillere g\u00f6re ayarlayarak kal\u0131p ve \u015fablon gerektirmeden ser, kaliteli ve standart bir \u015fekilde monte edebilme imkan\u0131 sa\u011flar.<\/p>\n\n\n\n\n\n\n\n\n\n<h2>TEKN\u0130K \u00d6ZELL\u0130KLER<\/h2>\n\n\n\n<h2><\/h2>&nbsp;\n\n\n\n<ul><li>Kanat toplama masas\u0131 ( KALIP DE\u011e\u0130\u015eT\u0130RMEDEN AYARLANAB\u0130L\u0130R \u015eABLONLU)<\/li><li>Pencere kenar\u0131 otomatik merkezleme sistemi<\/li><li>Otomatik ispanyolet ve makas \u00f6l\u00e7\u00fc sistemi<\/li><li>\u0130spanyolet ve makas kesim pan\u00e7<\/li><\/ul>\n\n\n\n<p><strong style=\"font-size: large; color: rgb(0, 0, 0);\">OPS\u0130YONLAR<\/strong><\/p>\n\n\n\n<p><ul><li>ASD &#8211; TAM OTOMAT\u0130K V\u0130DALAMA,OTOMAT\u0130K V\u0130DA BESLEME \u00dcN\u0130TES\u0130, LAZER V\u0130DA H\u0130ZALAMA S\u0130STEM\u0130<\/li><li>TD &#8211; \u00dc\u00c7L\u00dc KOLYER\u0130 DELME GRUBU ( DESTEK SA\u00c7I \u0130LE BERABER)<\/li><li>HD &#8211; YARI OTOMAT\u0130K AYARLANAB\u0130L\u0130R, MENTE\u015eE DELME VE MANUEL MENTE\u015eE V\u0130DALAMA GRUBU<\/li><li>BC &#8211; \u0130SPANYOLET KANAL A\u00c7MA FREZES\u0130<\/li><li>FR-S- AKSESUAR RAFI ( AYDINLATMA VE FONKS\u0130YONEL K\u00d6\u015eE D\u00d6N\u00dc\u015e ASMA APARATI)<\/li><\/ul><\/p>\n\n\n\n\n\n\n\n\n\n\n\n\n\n\n\n\n\n\n\n\n\n\n\n\n\n\n\n\n\n\n\n<h3>ADRES B\u0130LG\u0130LER\u0130M\u0130Z<\/h3>\n\n\n\n\n\n\n\n\n\n\n\n\n\n\n\n\n\n\n\n\n\n<h2>bize ula\u015f\u0131n<\/h2>\n\n\n\n\n\n\n\n\n\n\n\n\n\n\n\n\n\n\n","protected":false},"excerpt":{"rendered":"","protected":false},"author":1,"featured_media":0,"parent":473,"menu_order":0,"comment_status":"closed","ping_status":"closed","template":"","meta":{"pagelayer_contact_templates":{"qs71816":{"to_email":"info@mdmakina.com","from_email":"$email","cont_subject":"Contact Page Form","cont_header":"$name,$email,$phone,$message","cont_use_html":"true"}},"_pagelayer_content":"","footnotes":""},"class_list":["post-495","page","type-page","status-publish","hentry"],"_links":{"self":[{"href":"https:\/\/mdmakina.com\/tr_tr\/wp-json\/wp\/v2\/pages\/495","targetHints":{"allow":["GET"]}}],"collection":[{"href":"https:\/\/mdmakina.com\/tr_tr\/wp-json\/wp\/v2\/pages"}],"about":[{"href":"https:\/\/mdmakina.com\/tr_tr\/wp-json\/wp\/v2\/types\/page"}],"author":[{"embeddable":true,"href":"https:\/\/mdmakina.com\/tr_tr\/wp-json\/wp\/v2\/users\/1"}],"replies":[{"embeddable":true,"href":"https:\/\/mdmakina.com\/tr_tr\/wp-json\/wp\/v2\/comments?post=495"}],"version-history":[{"count":9,"href":"https:\/\/mdmakina.com\/tr_tr\/wp-json\/wp\/v2\/pages\/495\/revisions"}],"predecessor-version":[{"id":885,"href":"https:\/\/mdmakina.com\/tr_tr\/wp-json\/wp\/v2\/pages\/495\/revisions\/885"}],"up":[{"embeddable":true,"href":"https:\/\/mdmakina.com\/tr_tr\/wp-json\/wp\/v2\/pages\/473"}],"wp:attachment":[{"href":"https:\/\/mdmakina.com\/tr_tr\/wp-json\/wp\/v2\/media?parent=495"}],"curies":[{"name":"wp","href":"https:\/\/api.w.org\/{rel}","templated":true}]}}