{"id":473,"date":"2025-09-05T09:41:10","date_gmt":"2025-09-05T09:41:10","guid":{"rendered":"https:\/\/mdmakina.com\/?page_id=473"},"modified":"2026-04-29T05:18:15","modified_gmt":"2026-04-29T05:18:15","slug":"pvc-makinalari","status":"publish","type":"page","link":"https:\/\/mdmakina.com\/tr_tr\/pvc-makinalari\/","title":{"rendered":"PVC MAK\u0130NALARI"},"content":{"rendered":"\n\n\n\n\n\n\n\n\n\n\n\n\n\n\n\n\n\n\n\n\nPVC MAK\u0130NALARIMIZ\n\n\n\n\n\n\n\n<p [object NamedNodeMap]><span style=\"font-family: Tahoma, Geneva, sans-serif;\"><font color=\"#9dabaf\">PVC KANAT TOPLAMA MONTAJ MASASI<\/font><\/span><\/p>\n\n\n\n\n\n<p [object NamedNodeMap]><span style=\"font-family: Tahoma, Geneva, sans-serif;\"><font color=\"#9dabaf\">MASA\u00dcST\u00dc PVC KAYNAK MAK\u0130NASI<\/font><\/span><\/p>\n\n\n\n\n\n<p [object NamedNodeMap]><span style=\"font-family: Tahoma, Geneva, sans-serif;\"><font color=\"#9dabaf\">DESTEK SA\u00c7I D\u0130K V\u0130DALAMA MAK\u0130NASI<\/font><\/span><\/p>\n\n\n","protected":false},"excerpt":{"rendered":"","protected":false},"author":1,"featured_media":0,"parent":0,"menu_order":0,"comment_status":"closed","ping_status":"closed","template":"","meta":{"pagelayer_contact_templates":[],"_pagelayer_content":"","footnotes":""},"class_list":["post-473","page","type-page","status-publish","hentry"],"_links":{"self":[{"href":"https:\/\/mdmakina.com\/tr_tr\/wp-json\/wp\/v2\/pages\/473","targetHints":{"allow":["GET"]}}],"collection":[{"href":"https:\/\/mdmakina.com\/tr_tr\/wp-json\/wp\/v2\/pages"}],"about":[{"href":"https:\/\/mdmakina.com\/tr_tr\/wp-json\/wp\/v2\/types\/page"}],"author":[{"embeddable":true,"href":"https:\/\/mdmakina.com\/tr_tr\/wp-json\/wp\/v2\/users\/1"}],"replies":[{"embeddable":true,"href":"https:\/\/mdmakina.com\/tr_tr\/wp-json\/wp\/v2\/comments?post=473"}],"version-history":[{"count":9,"href":"https:\/\/mdmakina.com\/tr_tr\/wp-json\/wp\/v2\/pages\/473\/revisions"}],"predecessor-version":[{"id":887,"href":"https:\/\/mdmakina.com\/tr_tr\/wp-json\/wp\/v2\/pages\/473\/revisions\/887"}],"wp:attachment":[{"href":"https:\/\/mdmakina.com\/tr_tr\/wp-json\/wp\/v2\/media?parent=473"}],"curies":[{"name":"wp","href":"https:\/\/api.w.org\/{rel}","templated":true}]}}