{"id":440,"date":"2025-08-31T14:32:54","date_gmt":"2025-08-31T14:32:54","guid":{"rendered":"https:\/\/mdmakina.com\/?page_id=440"},"modified":"2026-04-18T09:07:55","modified_gmt":"2026-04-18T09:07:55","slug":"hizmetlerimiz","status":"publish","type":"page","link":"https:\/\/mdmakina.com\/tr_tr\/hizmetlerimiz\/","title":{"rendered":"Hizmetlerimiz"},"content":{"rendered":"\n\n\n\n\n\n\n\n\n\n\n\n\n\n\n\n<span style=\"color: rgb(3, 59, 74); font-family: Ubuntu; font-size: 42px; text-transform: uppercase; text-decoration-style: initial;\">ne yap\u0131yoruz &#8211; What we offer<\/span>\n<h2 style=\"text-align: center;\"><span style=\"color: rgb(3, 59, 74); font-family: &quot;Source Sans Pro&quot;; font-size: 15px; font-weight: 500; letter-spacing: 1.5px;\">hizmetlerimiz &#8211; Our Services<\/span><\/h2>\n\n\n<p style=\"font-family:roboto;font-size:14px;line-height:1.5;color:#9a9b9e\">Tala\u015fl\u0131 imalat, metal ve di\u011fer malzemelerin i\u015flenmesinde hassasiyet ve y\u00fcksek verimlilik sa\u011flayan modern \u00fcretim y\u00f6ntemidir. CNC tezgahlar\u0131 ve otomatik makineler ile karma\u015f\u0131k par\u00e7alar h\u0131zl\u0131 ve kaliteli \u015fekilde \u00fcretilir, \u00fcretim s\u00fcre\u00e7lerinde hassasiyet ve zaman tasarrufu sunar.<\/p>\n\n\n<p style=\"font-family:roboto;font-size:14px;line-height:1.5;color:#9a9b9e\">PVC makinalar\u0131, modern \u00fcretim tesislerinde y\u00fcksek verimlilik ve kaliteyi bir arada sunan \u00f6nemli ekipmanlard\u0131r. Dayan\u0131kl\u0131 yap\u0131s\u0131 ve kullan\u0131c\u0131 dostu teknolojisi sayesinde, farkl\u0131 \u00f6l\u00e7\u00fc ve profilde PVC \u00fcr\u00fcnlerin \u00fcretiminde hassas ve h\u0131zl\u0131 \u00e7\u00f6z\u00fcmler&nbsp;<\/p>\n\n\n\n\n\n\n\n\n\n\n\n\n","protected":false},"excerpt":{"rendered":"","protected":false},"author":1,"featured_media":0,"parent":0,"menu_order":0,"comment_status":"closed","ping_status":"closed","template":"","meta":{"pagelayer_contact_templates":[],"_pagelayer_content":"","footnotes":""},"class_list":["post-440","page","type-page","status-publish","hentry"],"_links":{"self":[{"href":"https:\/\/mdmakina.com\/tr_tr\/wp-json\/wp\/v2\/pages\/440","targetHints":{"allow":["GET"]}}],"collection":[{"href":"https:\/\/mdmakina.com\/tr_tr\/wp-json\/wp\/v2\/pages"}],"about":[{"href":"https:\/\/mdmakina.com\/tr_tr\/wp-json\/wp\/v2\/types\/page"}],"author":[{"embeddable":true,"href":"https:\/\/mdmakina.com\/tr_tr\/wp-json\/wp\/v2\/users\/1"}],"replies":[{"embeddable":true,"href":"https:\/\/mdmakina.com\/tr_tr\/wp-json\/wp\/v2\/comments?post=440"}],"version-history":[{"count":10,"href":"https:\/\/mdmakina.com\/tr_tr\/wp-json\/wp\/v2\/pages\/440\/revisions"}],"predecessor-version":[{"id":837,"href":"https:\/\/mdmakina.com\/tr_tr\/wp-json\/wp\/v2\/pages\/440\/revisions\/837"}],"wp:attachment":[{"href":"https:\/\/mdmakina.com\/tr_tr\/wp-json\/wp\/v2\/media?parent=440"}],"curies":[{"name":"wp","href":"https:\/\/api.w.org\/{rel}","templated":true}]}}