{"id":45,"date":"2025-01-01T16:21:02","date_gmt":"2025-01-01T16:21:02","guid":{"rendered":"https:\/\/mdmakina.com\/home\/"},"modified":"2026-04-29T08:47:49","modified_gmt":"2026-04-29T08:47:49","slug":"home","status":"publish","type":"page","link":"https:\/\/mdmakina.com\/en\/","title":{"rendered":"ANA SAYFA"},"content":{"rendered":"\n\n\n\n\n<span style=\"color: rgb(3, 59, 74); font-family: Ubuntu; font-size: 42px; text-transform: uppercase; text-decoration-style: initial;\">ne yap\u0131yoruz &#8211; What we offer<\/span>\n\n\n\n<center>\n<h2 [object=\"\" namednodemap]=\"\"><span style=\"color: rgb(3, 59, 74); font-family: &quot;Source Sans Pro&quot;; font-size: 15px; font-weight: 500; letter-spacing: 1.5px;\">hizmetlerimiz &#8211; Our Services<\/span><\/h2><\/center>\n\n\n\n\n\n<p [object NamedNodeMap]>Tala\u015fl\u0131 imalat, metal ve di\u011fer malzemelerin i\u015flenmesinde hassasiyet ve y\u00fcksek verimlilik sa\u011flayan modern \u00fcretim y\u00f6ntemidir. CNC tezgahlar\u0131 ve otomatik makineler ile karma\u015f\u0131k par\u00e7alar h\u0131zl\u0131 ve kaliteli \u015fekilde \u00fcretilir, \u00fcretim s\u00fcre\u00e7lerinde hassasiyet ve zaman tasarrufu sunar.<\/p>\n\n\n\n\n\n<p [object NamedNodeMap]>PVC makinalar\u0131, modern \u00fcretim tesislerinde y\u00fcksek verimlilik ve kaliteyi bir arada sunan \u00f6nemli ekipmanlard\u0131r. Dayan\u0131kl\u0131 yap\u0131s\u0131 ve kullan\u0131c\u0131 dostu teknolojisi sayesinde, farkl\u0131 \u00f6l\u00e7\u00fc ve profilde PVC \u00fcr\u00fcnlerin \u00fcretiminde hassas ve h\u0131zl\u0131 \u00e7\u00f6z\u00fcmler\u00a0<\/p>\n\n\n\n\n\n\n\n\n\n<p><strong>KAL\u0130TE<span style=\"background-color:#e60000;\"><\/span><\/strong><\/p>\n\n\n\n<p>\u00a0 Kalite anlay\u0131\u015f\u0131m\u0131z, sadece par\u00e7an\u0131n do\u011fru ve istenilen \u00f6l\u00e7\u00fc ve standartlarda olmas\u0131 de\u011fildir.<\/p>\n\n\n\n<p>\u00a0 Bizim i\u00e7in kalite; sistem, belge, \u00f6l\u00e7\u00fcm, m\u00fc\u015fteri memnuniyeti ve fiyat unsurlar\u0131n\u0131n tamam\u0131n\u0131 kapsamaktad\u0131r.<\/p>\n\n\n\n\n\n<p>Lorem Ipsum has been the industry&#8217;s standard dummy text ever since the 1500s.<\/p>\n\n\n\n<h2><\/h2>\n\n\n\n\n\n\n\n<p>Lorem Ipsum has been the industry&#8217;s standard dummy text ever since the 1500s.<\/p>\n\n\n\n\n\n<h2><\/h2>\n\n\n\n<p>\u00a0 \u015eirketimiz, hassas <strong>CNC frezeleme<\/strong> alan\u0131nda en kaliteli hizmeti sunmakta olup, \u00e7e\u015fitli end\u00fcstrilere \u00f6zel i\u015f\u00e7ilik hizmetleri sa\u011flamaktad\u0131r.<\/p>\n\n\n\n<p><br>\u00a0 En son teknolojiye sahip makineler ve<br>yetenekli bir ekip e\u015fli\u011finde, m\u00fc\u015fterilerimizin \u00f6zel gereksinimlerini titizlikle kar\u015f\u0131layarak y\u00fcksek kalitede sonu\u00e7lar elde ediyoruz.\u00a0<\/p>\n\n\n\n<p><br>\u00a0 Her a\u015famada m\u00fc\u015fteri memnuniyetini \u00f6n planda tutarak, sekt\u00f6rdeki en iyi uygulamalar\u0131 takip ediyor ve hizmet kalitemizi s\u00fcrekli art\u0131rmay\u0131 hedefliyoruz.<\/p>\n\n\n\n<p><br>\u00a0 \u00a0Her projede m\u00fckemmeliyeti deneyimlemek i\u00e7in sizleri de aram\u0131zda g\u00f6rmekten mutluluk duyar\u0131z.<\/p>\n\n\n\n\n\n\n\n<p>Lorem Ipsum has been the industry&#8217;s standard dummy text ever since the 1500s.<\/p>\n\n\n\n\n\n<h2>2026 &#8211; katalo\u011fumuzu incelediniz mi?<\/h2>\n\n\n\n\n\n\n\n<p><\/p>\n","protected":false},"excerpt":{"rendered":"","protected":false},"author":1,"featured_media":0,"parent":0,"menu_order":0,"comment_status":"closed","ping_status":"closed","template":"","meta":{"pagelayer_contact_templates":[],"_pagelayer_content":"","footnotes":""},"class_list":["post-45","page","type-page","status-publish","hentry"],"_links":{"self":[{"href":"https:\/\/mdmakina.com\/en\/wp-json\/wp\/v2\/pages\/45","targetHints":{"allow":["GET"]}}],"collection":[{"href":"https:\/\/mdmakina.com\/en\/wp-json\/wp\/v2\/pages"}],"about":[{"href":"https:\/\/mdmakina.com\/en\/wp-json\/wp\/v2\/types\/page"}],"author":[{"embeddable":true,"href":"https:\/\/mdmakina.com\/en\/wp-json\/wp\/v2\/users\/1"}],"replies":[{"embeddable":true,"href":"https:\/\/mdmakina.com\/en\/wp-json\/wp\/v2\/comments?post=45"}],"version-history":[{"count":9,"href":"https:\/\/mdmakina.com\/en\/wp-json\/wp\/v2\/pages\/45\/revisions"}],"predecessor-version":[{"id":879,"href":"https:\/\/mdmakina.com\/en\/wp-json\/wp\/v2\/pages\/45\/revisions\/879"}],"wp:attachment":[{"href":"https:\/\/mdmakina.com\/en\/wp-json\/wp\/v2\/media?parent=45"}],"curies":[{"name":"wp","href":"https:\/\/api.w.org\/{rel}","templated":true}]}}