{"id":433,"date":"2025-08-31T14:19:35","date_gmt":"2025-08-31T14:19:35","guid":{"rendered":"https:\/\/mdmakina.com\/?page_id=433"},"modified":"2026-04-29T06:24:42","modified_gmt":"2026-04-29T06:24:42","slug":"bursa-cnc-talasli-imalat","status":"publish","type":"page","link":"https:\/\/mdmakina.com\/en\/bursa-cnc-talasli-imalat\/","title":{"rendered":"Tala\u015fl\u0131 \u0130malat"},"content":{"rendered":"\n\n\n\n\n\n\n\n\n\n\n<p>Lorem Ipsum has been the industry&#8217;s standard dummy text ever since the 1500s.<\/p>\n\n\n\n\n\n\n\n<h3 data-section-id=\"5491ic\" data-start=\"215\" data-end=\"254\">Hassas CNC Tala\u015fl\u0131 \u0130malat \u00c7\u00f6z\u00fcmleri<\/h3><p data-start=\"256\" data-end=\"582\"><strong data-start=\"256\" data-end=\"269\">MD Makina<\/strong>, y\u00fcksek hassasiyet gerektiren sekt\u00f6rler i\u00e7in CNC tala\u015fl\u0131 imalat alan\u0131nda g\u00fcvenilir \u00fcretim \u00e7\u00f6z\u00fcmleri sunmaktad\u0131r. Modern <strong data-start=\"390\" data-end=\"427\">CNC freze ve CNC torna tezgahlar\u0131<\/strong> ile farkl\u0131 m\u00fchendislik malzemelerini teknik resim ve tolerans de\u011ferlerine uygun \u015fekilde i\u015fleyerek kaliteli ve tekrarlanabilir \u00fcretim ger\u00e7ekle\u015ftirmekteyiz.<\/p>\n\n\n\n<p><\/p>\n\n\n\n<p [object NamedNodeMap]>Savunma sanayi, otomotiv, makine imalat\u0131 ve end\u00fcstriyel \u00fcretim alanlar\u0131nda ihtiya\u00e7 duyulan <strong data-start=\"675\" data-end=\"711\">mekanik par\u00e7alar\u0131n fason \u00fcretimi<\/strong>, deneyimli teknik kadromuz ve geli\u015fmi\u015f \u00fcretim altyap\u0131m\u0131z ile ger\u00e7ekle\u015ftirilmektedir. Karma\u015f\u0131k geometrilere sahip par\u00e7alar y\u00fcksek \u00f6l\u00e7\u00fc hassasiyeti ve kaliteli y\u00fczey i\u015fleme standartlar\u0131yla \u00fcretilerek m\u00fc\u015fterilerimize sunulmaktad\u0131r.<\/p>\n\n\n\n<p><\/p>\n\n\n\n<p [object NamedNodeMap]><strong data-start=\"942\" data-end=\"955\">MD Makina<\/strong>, proje bazl\u0131 \u00fcretimden seri \u00fcretime kadar geni\u015f bir \u00fcretim kapasitesi ile \u00e7al\u0131\u015fmakta; m\u00fc\u015fteri taleplerine h\u0131zl\u0131 geri d\u00f6n\u00fc\u015f, g\u00fcvenilir teslimat ve s\u00fcrd\u00fcr\u00fclebilir kalite anlay\u0131\u015f\u0131 ile hizmet vermektedir.<\/p>\n\n\n\n<p [object NamedNodeMap]>Bursa merkezli \u00fcretim altyap\u0131m\u0131z sayesinde T\u00fcrkiye genelinde faaliyet g\u00f6steren sanayi kurulu\u015flar\u0131na <strong data-start=\"1258\" data-end=\"1323\">y\u00fcksek hassasiyetli CNC tala\u015fl\u0131 imalat ve fason par\u00e7a \u00fcretimi<\/strong> hizmeti sunarak \u00fcretim s\u00fcre\u00e7lerine de\u011fer katmay\u0131 hedeflemekteyiz.<\/p>\n\n\n\n<p><\/p>\n\n\n\n\n\n\n\n<h3>ADRES B\u0130LG\u0130LER\u0130M\u0130Z<\/h3>\n\n\n\n\n\n\n\n\n\n\n\n\n\n\n\n\n\n\n\n\n\n<h2>bize ula\u015f\u0131n<\/h2>\n\n\n\n\n\n\n\n\n\n\n\n\n\n\n\n\n\n\n\n\n\n<p class=\"elementor-element elementor-element-9de0ed4 elementor-widget elementor-widget-heading\" data-id=\"9de0ed4\" data-element_type=\"widget\" data-widget_type=\"heading.default\" style=\"--flex-direction: initial; --flex-wrap: initial; --justify-content: initial; --align-items: initial; --align-content: initial; --gap: initial; --flex-basis: initial; --flex-grow: initial; --flex-shrink: initial; --order: initial; --align-self: initial; align-self: auto; flex: 0 1 auto; order: 0; place-content: normal; align-items: normal; flex-flow: row; gap: normal; position: relative; --widgets-spacing: 0px 0px; --widgets-spacing-row: 0px; --widgets-spacing-column: 0px; --swiper-theme-color: #000; --swiper-navigation-size: 44px; --swiper-pagination-bullet-size: 6px; --swiper-pagination-bullet-horizontal-gap: 6px; width: 696px; margin-block-end: 0px; color: rgb(25, 20, 17); font-family: &quot;Open Sans&quot;, Helvetica, Arial, Verdana, sans-serif; background-color: rgb(255, 255, 255);\"><p class=\"elementor-widget-container\" style=\"transition: background 0.3s, border 0.3s, border-radius 0.3s, box-shadow 0.3s, transform 0.4s;\"><h2 class=\"elementor-heading-title elementor-size-default\" style=\"font-family: &quot;Open Sans&quot;, Helvetica, Arial, Verdana, sans-serif; font-size: 25px; text-transform: none; line-height: 2.1em; clear: both; color: rgb(51, 51, 51); font-variant-numeric: normal; font-variant-east-asian: normal; font-variant-alternates: normal; font-size-adjust: none; font-kerning: auto; font-optical-sizing: auto; font-feature-settings: normal; font-variation-settings: normal; font-variant-position: normal; font-variant-emoji: normal; font-stretch: normal; text-decoration-style: solid; text-decoration-color: rgb(51, 51, 51); text-align: left;\">Tala\u015fl\u0131 \u0130malat Nas\u0131l \u00c7al\u0131\u015f\u0131r?<\/h2><\/p><\/p><p class=\"elementor-element elementor-element-50705d6 elementor-widget elementor-widget-text-editor\" data-id=\"50705d6\" data-element_type=\"widget\" data-widget_type=\"text-editor.default\" style=\"--flex-direction: initial; --flex-wrap: initial; --justify-content: initial; --align-items: initial; --align-content: initial; --gap: initial; --flex-basis: initial; --flex-grow: initial; --flex-shrink: initial; --order: initial; --align-self: initial; align-self: auto; flex: 0 1 auto; order: 0; place-content: normal; align-items: normal; flex-flow: row; gap: normal; position: relative; --widgets-spacing: 0px 0px; --widgets-spacing-row: 0px; --widgets-spacing-column: 0px; --swiper-theme-color: #000; --swiper-navigation-size: 44px; --swiper-pagination-bullet-size: 6px; --swiper-pagination-bullet-horizontal-gap: 6px; width: 696px; margin-block-end: 0px; --textColor: #000000; font-family: &quot;Open Sans&quot;, Helvetica, Arial, Verdana, sans-serif; background-color: rgb(255, 255, 255);\"><p class=\"elementor-widget-container\" style=\"margin-left: 10px; transition: background 0.3s, border 0.3s, border-radius 0.3s, box-shadow 0.3s, transform 0.4s;\"><p style=\"margin-bottom: 10px; text-align: left;\">Modern \u00fcr\u00fcn geli\u015ftirmede i\u015fleme, \u00e7o\u011funlukla&nbsp;<em>Bilgisayar Say\u0131sal Kontrol\u00fc<\/em>&nbsp;anlam\u0131na gelen bir&nbsp;<span style=\"font-weight: 700;\">CNC<\/span>&nbsp;makinesi kullan\u0131larak yap\u0131l\u0131r.<\/p><p style=\"margin-bottom: 10px; text-align: justify;\">\u00d6z\u00fcnde, makine CAD tasar\u0131m modellerini almak ve tak\u0131m yollar\u0131n\u0131 haritalamak i\u00e7in bilgisayar yaz\u0131l\u0131m\u0131n\u0131 kullan\u0131r ve tasar\u0131mlar\u0131 3B i\u015flenmi\u015f par\u00e7alara d\u00f6n\u00fc\u015ft\u00fcr\u00fcr.<\/p><p style=\"margin-bottom: 10px;\">CNC, kat\u0131 malzemeden en yak\u0131n .001 mm toleransla olu\u015fturulan farkl\u0131 y\u00fczey t\u00fcrlerinde \u00e7ok \u00e7e\u015fitli malzemelerden par\u00e7alar olu\u015fturabilir.<\/p><p style=\"margin-bottom: 10px;\">H\u0131zl\u0131 prototiplemenin aksine par\u00e7alar, bitmi\u015f tasar\u0131m\u0131n yo\u011funlu\u011funu, biti\u015fini ve p\u00fcr\u00fczl\u00fcl\u00fc\u011f\u00fcn\u00fc yans\u0131tan ger\u00e7ek malzemeler kullan\u0131larak i\u015flenir.<\/p><p style=\"margin-bottom: 10px;\">\u0130\u015flenmi\u015f par\u00e7alar end\u00fcstrinin veya g\u00fcnl\u00fck hayat\u0131m\u0131z\u0131n herhangi bir yeri i\u00e7in kullan\u0131labilir.<\/p><\/p><\/p>\n\n\n\n<p>Lorem Ipsum has been the industry&#8217;s standard dummy text ever since the 1500s.<\/p>\n\n\n\n\n\n<h4><strong>Tala\u015fl\u0131 \u0130malatta Hangi Malzemeler \u0130\u015flenebilir?<\/strong><\/h4>\n\n\n\n<p> \u0130\u015fleme, en yayg\u0131n olarak metal malzemeler, par\u00e7alar ve aletler \u00fcretmek i\u00e7in kullan\u0131l\u0131r. <\/p>\n\n\n\n<p>\u0130\u015flenebilen metaller <strong>paslanmaz \u00e7elik, al\u00fcminyum, pirin\u00e7, titanyum ve bak\u0131rd\u0131r<\/strong>.<\/p>\n\n\n\n<p>\u00a0<strong>Paslanmaz \u00e7elik,<\/strong> hassas i\u015fleme i\u00e7in yayg\u0131n olarak kullan\u0131l\u0131r ve dayan\u0131kl\u0131l\u0131k ve korozyona kar\u015f\u0131 diren\u00e7 avantajlar\u0131 sunar. <\/p>\n\n\n\n<p><strong>Al\u00fcminyum<\/strong> hafiftir, i\u015flenmesi kolayd\u0131r ve ucuzdur. Pirin\u00e7, tala\u015fl\u0131 imalat i\u00e7in kullan\u0131lan bir di\u011fer ekonomik malzemedir ancak malzemede bulunan \u00e7inko ve kalay nedeniyle yar\u0131 iletken \u00fcr\u00fcnlerde kullan\u0131lmamal\u0131d\u0131r.<\/p>\n\n\n\n<p> <strong>Titanyum <\/strong>g\u00fc\u00e7l\u00fc, hafif ve korozyona kar\u015f\u0131 diren\u00e7lidir, ancak di\u011fer malzemelerden daha pahal\u0131d\u0131r ve i\u015flenmesi zordur.<\/p>\n\n\n\n<p> <strong>Bak\u0131r<\/strong> \u00e7ok y\u00f6nl\u00fc ve g\u00fc\u00e7l\u00fc bir metaldir ve bir elektrik iletkeni olarak iyi \u00e7al\u0131\u015f\u0131r. <\/p>\n\n\n\n<p><strong>Plastikler<\/strong>, ucuz ve iletken olmad\u0131klar\u0131 i\u00e7in tala\u015fl\u0131 imalatta da kullan\u0131lmaktad\u0131r. Genellikle t\u0131p, elektrik ve bilimsel end\u00fcstrilerde kullan\u0131l\u0131rlar.<\/p>\n\n\n\n\n\n\n\n<p><font color=\"#ffffff\">TALA\u015eLI \u0130MALAT \u0130HT\u0130YA\u00c7LARINIZ \u0130\u00c7\u0130N B\u0130ZE ULA\u015eIN<\/font><\/p>\n\n\n\n\n\n<h1 class=\"wp-block-heading\"><\/h1>\n","protected":false},"excerpt":{"rendered":"","protected":false},"author":1,"featured_media":0,"parent":0,"menu_order":0,"comment_status":"closed","ping_status":"closed","template":"","meta":{"pagelayer_contact_templates":{"ihc4801":{"to_email":"info@mdmakina.com","from_email":"$email","cont_subject":"Contact Page Form","cont_header":"$name,$email,$phone,$message","cont_use_html":"true"}},"_pagelayer_content":"","footnotes":""},"class_list":["post-433","page","type-page","status-publish","hentry"],"_links":{"self":[{"href":"https:\/\/mdmakina.com\/en\/wp-json\/wp\/v2\/pages\/433","targetHints":{"allow":["GET"]}}],"collection":[{"href":"https:\/\/mdmakina.com\/en\/wp-json\/wp\/v2\/pages"}],"about":[{"href":"https:\/\/mdmakina.com\/en\/wp-json\/wp\/v2\/types\/page"}],"author":[{"embeddable":true,"href":"https:\/\/mdmakina.com\/en\/wp-json\/wp\/v2\/users\/1"}],"replies":[{"embeddable":true,"href":"https:\/\/mdmakina.com\/en\/wp-json\/wp\/v2\/comments?post=433"}],"version-history":[{"count":10,"href":"https:\/\/mdmakina.com\/en\/wp-json\/wp\/v2\/pages\/433\/revisions"}],"predecessor-version":[{"id":892,"href":"https:\/\/mdmakina.com\/en\/wp-json\/wp\/v2\/pages\/433\/revisions\/892"}],"wp:attachment":[{"href":"https:\/\/mdmakina.com\/en\/wp-json\/wp\/v2\/media?parent=433"}],"curies":[{"name":"wp","href":"https:\/\/api.w.org\/{rel}","templated":true}]}}