{"id":336,"date":"2025-07-19T18:45:51","date_gmt":"2025-07-19T18:45:51","guid":{"rendered":"https:\/\/mdmakina.com\/?page_id=336"},"modified":"2025-08-22T14:12:23","modified_gmt":"2025-08-22T14:12:23","slug":"talasli-imalat","status":"publish","type":"page","link":"https:\/\/mdmakina.com\/en\/talasli-imalat\/","title":{"rendered":"Tala\u015fl\u0131 \u0130malat"},"content":{"rendered":"<p style=\"margin-bottom: 8px; color: rgb(143, 143, 143); font-family: Lato, Georgia, &quot;Times New Roman&quot;, Times, serif; background-color: rgb(255, 255, 255);\"><span class=\"tag-value\" style=\"margin-right: 20px;\"><strong style=\"font-weight: bold;\"><\/strong><\/span><\/p><span style=\"font-size:large;\"><p style=\"margin-bottom: 8px; color: rgb(143, 143, 143); font-family: Lato, Georgia, &quot;Times New Roman&quot;, Times, serif; background-color: rgb(255, 255, 255);\"><span class=\"tag-value\" style=\"margin-right: 20px;\"><strong style=\"font-weight: bold;\">Tala\u015fl\u0131 \u0130malat: Sanayinin Temel Ta\u015flar\u0131ndan Biri<\/strong><br>Tala\u015fl\u0131 imalat, metal ve di\u011fer sert malzemelerin i\u015flenmesinde kullan\u0131lan bir \u00fcretim y\u00f6ntemidir. Bu s\u00fcre\u00e7, i\u015f par\u00e7as\u0131ndan belirli bir miktar malzeme kald\u0131r\u0131larak, istenilen \u015fekil ve boyutlar\u0131n elde edilmesi amac\u0131yla ger\u00e7ekle\u015ftirilir. Tala\u015fl\u0131 imalat, sanayinin pek \u00e7ok dal\u0131nda, \u00f6zellikle otomotiv, havac\u0131l\u0131k, makine \u00fcretimi ve in\u015faat sekt\u00f6rlerinde yayg\u0131n bir \u015fekilde kullan\u0131lmaktad\u0131r. Bu yaz\u0131da tala\u015fl\u0131 imalat\u0131n ne oldu\u011funu, nas\u0131l i\u015fledi\u011fini, t\u00fcrlerini ve sanayiye sa\u011flad\u0131\u011f\u0131 katk\u0131lar\u0131 inceleyece\u011fiz.<br><\/span><\/p><\/span>\n<span style=\"font-size:large;\"><p style=\"margin-bottom: 8px; color: rgb(143, 143, 143); font-family: Lato, Georgia, &quot;Times New Roman&quot;, Times, serif; background-color: rgb(255, 255, 255);\"><span class=\"tag-value\" style=\"margin-right: 20px;\"><strong style=\"font-weight: bold;\">Tala\u015fl\u0131 \u0130malat\u0131n Tan\u0131m\u0131 ve \u0130\u015fleyi\u015fi<\/strong><br>Tala\u015fl\u0131 imalat, bir i\u015f par\u00e7as\u0131n\u0131n, genellikle bir tornalama, frezeleme, delik a\u00e7ma, ta\u015flama gibi i\u015flemlerle, d\u0131\u015far\u0131ya do\u011fru bir tala\u015f (\u015fekli de\u011fi\u015ftirilmi\u015f malzeme) \u00e7\u0131kar\u0131larak \u015fekillendirilmesidir. Bu t\u00fcr bir i\u015fleme, malzemenin istenilen \u015fekil ve boyutlara ula\u015fmas\u0131 i\u00e7in yap\u0131l\u0131r. Bu s\u00fcre\u00e7te, y\u00fcksek h\u0131zda d\u00f6nen tak\u0131mlar, i\u015f par\u00e7as\u0131n\u0131n y\u00fczeyine temas ederek malzemeyi keser ve \u015fekil verir. Tala\u015fl\u0131 imalat, olduk\u00e7a hassas ve kontroll\u00fc bir \u00fcretim s\u00fcreci gerektirir, bu nedenle y\u00fcksek kaliteli \u00fcr\u00fcnler elde etmek i\u00e7in do\u011fru ekipman ve uzmanl\u0131k gereklidir.<br><\/span><\/p><\/span>\n<span style=\"font-size:large;\"><p style=\"margin-bottom: 8px; color: rgb(143, 143, 143); font-family: Lato, Georgia, &quot;Times New Roman&quot;, Times, serif; background-color: rgb(255, 255, 255);\"><span class=\"tag-value\" style=\"margin-right: 20px;\"><strong style=\"font-weight: bold;\">Tala\u015fl\u0131 \u0130malat\u0131n T\u00fcrleri<\/strong><br>Tala\u015fl\u0131 imalat, farkl\u0131 makineler ve y\u00f6ntemler kullan\u0131larak uygulanabilir. \u0130\u015fte en yayg\u0131n tala\u015fl\u0131 imalat t\u00fcrleri:<\/span><\/p><ol style=\"margin-bottom: 10px; color: rgb(143, 143, 143); font-family: Lato, Georgia, &quot;Times New Roman&quot;, Times, serif; background-color: rgb(255, 255, 255);\"><li><strong style=\"font-weight: bold;\">Tornalama<\/strong>: Tornalama, d\u00f6nen bir i\u015f par\u00e7as\u0131 \u00fczerinde, sabit bir kesici aletle yap\u0131lan bir i\u015flemdir. Bu i\u015flemde, i\u015f par\u00e7as\u0131 bir tornada d\u00f6nd\u00fcr\u00fcl\u00fcrken, kesici tak\u0131m sabit bir pozisyondan hareket ederek malzeme \u00e7\u0131kar\u0131r. Tornalama i\u015flemi, genellikle silindirik, konik ya da d\u00fcz y\u00fczeyler olu\u015fturmak i\u00e7in kullan\u0131l\u0131r.<\/li><li><strong style=\"font-weight: bold;\">Frezeleme<\/strong>: Frezeleme, d\u00f6nen bir freze tak\u0131m\u0131 ile d\u00fcz, yuvarlak ya da karma\u015f\u0131k \u015fekillerin kesilmesidir. Frezeleme makinesi, i\u015f par\u00e7as\u0131n\u0131n belirli bir y\u00f6nde hareket etmesini sa\u011flayarak, malzemenin her y\u00f6n\u00fcnden tala\u015f kald\u0131rabilir. Bu i\u015flem, \u00f6zellikle d\u00fcz y\u00fczeyler, kanal a\u00e7ma, di\u015fli kesme gibi i\u015flemler i\u00e7in uygundur.<\/li><li><strong style=\"font-weight: bold;\">Delik A\u00e7ma<\/strong>: Deli a\u00e7ma i\u015flemi, i\u015f par\u00e7as\u0131nda belirli bir \u00e7apta delik a\u00e7mak amac\u0131yla yap\u0131lan bir tala\u015fl\u0131 imalat t\u00fcr\u00fcd\u00fcr. Bu i\u015flem, genellikle matkap makineleri veya delik a\u00e7ma u\u00e7lar\u0131yla ger\u00e7ekle\u015ftirilir.<\/li><li><strong style=\"font-weight: bold;\">Ta\u015flama<\/strong>: Ta\u015flama, ince ve hassas y\u00fczeyler elde etmek i\u00e7in kullan\u0131lan bir i\u015flemdir. Bu i\u015flemde, h\u0131zl\u0131 d\u00f6nen ta\u015flama ta\u015flar\u0131 ile i\u015f par\u00e7as\u0131n\u0131n y\u00fczeyindeki p\u00fcr\u00fczler giderilir ve y\u00fcksek hassasiyetle y\u00fczeyler elde edilir. Ta\u015flama i\u015flemi, \u00f6zellikle y\u00fcksek y\u00fczey kalitesi ve hassas tolerans gerektiren \u00fcr\u00fcnler i\u00e7in tercih edilir.<\/li><li><strong style=\"font-weight: bold;\">Erozyon (K\u00fctle Erozyon)<\/strong>: Elektriksel erozyon makinelerinde, y\u00fcksek voltajl\u0131 elektrik ak\u0131m\u0131 kullan\u0131larak malzeme, \u0131s\u0131l etkiyle buharla\u015ft\u0131r\u0131l\u0131r ve k\u00fc\u00e7\u00fck tala\u015flar halinde uzakla\u015ft\u0131r\u0131l\u0131r. Bu i\u015flem, \u00f6zellikle sert malzemelerin i\u015flenmesinde kullan\u0131l\u0131r.<\/li><\/ol><p><strong style=\"font-weight: bold; color: rgb(143, 143, 143); font-family: Lato, Georgia, &quot;Times New Roman&quot;, Times, serif; background-color: rgb(255, 255, 255);\"><br><\/strong><\/p><\/span>\n<span style=\"font-size:large;\"><p><strong style=\"font-weight: bold; color: rgb(143, 143, 143); font-family: Lato, Georgia, &quot;Times New Roman&quot;, Times, serif; background-color: rgb(255, 255, 255);\">Tala\u015fl\u0131 \u0130malat\u0131n Avantajlar\u0131 ve Dezavantajlar\u0131<\/strong><br style=\"color: rgb(143, 143, 143); font-family: Lato, Georgia, &quot;Times New Roman&quot;, Times, serif; background-color: rgb(255, 255, 255);\"><span style=\"color: rgb(143, 143, 143); font-family: Lato, Georgia, &quot;Times New Roman&quot;, Times, serif; background-color: rgb(255, 255, 255);\">Tala\u015fl\u0131 imalat, sanayinin bir\u00e7ok alan\u0131nda tercih edilen bir \u00fcretim y\u00f6ntemidir. Ancak bu s\u00fcrecin de avantajlar\u0131 ve dezavantajlar\u0131 bulunmaktad\u0131r.<\/span><br style=\"color: rgb(143, 143, 143); font-family: Lato, Georgia, &quot;Times New Roman&quot;, Times, serif; background-color: rgb(255, 255, 255);\"><strong style=\"font-weight: bold; color: rgb(143, 143, 143); font-family: Lato, Georgia, &quot;Times New Roman&quot;, Times, serif; background-color: rgb(255, 255, 255);\">Avantajlar\u0131<\/strong><span style=\"color: rgb(143, 143, 143); font-family: Lato, Georgia, &quot;Times New Roman&quot;, Times, serif; background-color: rgb(255, 255, 255);\">:<\/span><\/p><ul style=\"margin-bottom: 10px; color: rgb(143, 143, 143); font-family: Lato, Georgia, &quot;Times New Roman&quot;, Times, serif; background-color: rgb(255, 255, 255);\"><li style=\"list-style: none;\"><strong style=\"font-weight: bold;\">Y\u00fcksek hassasiyet<\/strong>: Tala\u015fl\u0131 imalat, son derece hassas ve do\u011fru boyutlar elde edilmesini sa\u011flar. Bu, \u00f6zellikle y\u00fcksek tolerans gerektiren par\u00e7alar i\u00e7in olduk\u00e7a \u00f6nemlidir.<\/li><li style=\"list-style: none;\"><strong style=\"font-weight: bold;\">\u00c7e\u015fitli malzemelerde kullan\u0131labilirlik<\/strong>: Tala\u015fl\u0131 imalat, metal, plastik, kompozit gibi farkl\u0131 malzemelerde uygulanabilir.<\/li><li style=\"list-style: none;\"><strong style=\"font-weight: bold;\">Karma\u015f\u0131k \u015fekillerin \u00fcretilebilmesi<\/strong>: Bu y\u00f6ntem, karma\u015f\u0131k ve zor geometrilere sahip par\u00e7alar\u0131n \u00fcretimine imkan tan\u0131r.<\/li><li style=\"list-style: none;\"><strong style=\"font-weight: bold;\">Y\u00fczey kalitesi<\/strong>: \u00d6zellikle ta\u015flama gibi i\u015flemlerle, i\u015f par\u00e7as\u0131n\u0131n y\u00fczeyi y\u00fcksek kaliteye ula\u015fabilir.<\/li><\/ul><p><strong style=\"font-weight: bold; color: rgb(143, 143, 143); font-family: Lato, Georgia, &quot;Times New Roman&quot;, Times, serif; background-color: rgb(255, 255, 255);\">Dezavantajlar\u0131<\/strong><span style=\"color: rgb(143, 143, 143); font-family: Lato, Georgia, &quot;Times New Roman&quot;, Times, serif; background-color: rgb(255, 255, 255);\">:<\/span><\/p><ul style=\"margin-bottom: 10px; color: rgb(143, 143, 143); font-family: Lato, Georgia, &quot;Times New Roman&quot;, Times, serif; background-color: rgb(255, 255, 255);\"><li style=\"list-style: none;\"><strong style=\"font-weight: bold;\">At\u0131k ve enerji t\u00fcketimi<\/strong>: Tala\u015fl\u0131 imalat, malzeme kayb\u0131na neden olabilir ve bu s\u00fcre\u00e7 olduk\u00e7a fazla enerji t\u00fcketebilir.<\/li><li style=\"list-style: none;\"><strong style=\"font-weight: bold;\">Yava\u015f \u00fcretim h\u0131z\u0131<\/strong>: \u00d6zellikle b\u00fcy\u00fck serilerde, tala\u015fl\u0131 imalat i\u015flemi, d\u00f6k\u00fcm ya da enjeksiyon gibi di\u011fer y\u00f6ntemlere g\u00f6re daha yava\u015f olabilir.<\/li><li style=\"list-style: none;\"><strong style=\"font-weight: bold;\">Y\u00fcksek maliyet<\/strong>: Y\u00fcksek hassasiyet gerektiren i\u015flerde, kullan\u0131lan makinelerin ve tak\u0131mlar\u0131n maliyeti olduk\u00e7a y\u00fcksek olabilir.<\/li><\/ul><p><strong style=\"font-weight: bold; color: rgb(143, 143, 143); font-family: Lato, Georgia, &quot;Times New Roman&quot;, Times, serif; background-color: rgb(255, 255, 255);\"><br><\/strong><\/p><\/span>\n<span style=\"font-size:large;\"><p><strong style=\"font-weight: bold; color: rgb(143, 143, 143); font-family: Lato, Georgia, &quot;Times New Roman&quot;, Times, serif; background-color: rgb(255, 255, 255);\">Tala\u015fl\u0131 \u0130malat\u0131n Sanayiye Katk\u0131lar\u0131<\/strong><br style=\"color: rgb(143, 143, 143); font-family: Lato, Georgia, &quot;Times New Roman&quot;, Times, serif; background-color: rgb(255, 255, 255);\"><span style=\"color: rgb(143, 143, 143); font-family: Lato, Georgia, &quot;Times New Roman&quot;, Times, serif; background-color: rgb(255, 255, 255);\">Tala\u015fl\u0131 imalat, sanayinin en \u00f6nemli \u00fcretim y\u00f6ntemlerinden biridir. \u00d6zellikle otomotiv, savunma, havac\u0131l\u0131k ve y\u00fcksek teknoloji end\u00fcstrilerinde, hassas par\u00e7alar\u0131n \u00fcretilmesinde kritik bir rol oynar. Bu t\u00fcr sekt\u00f6rlerde, par\u00e7alar\u0131n y\u00fcksek hassasiyetle \u00fcretilmesi ve kalite standartlar\u0131na uygun olmas\u0131 gerekmektedir. Tala\u015fl\u0131 imalat, bu gereksinimleri kar\u015f\u0131lamada en etkili y\u00f6ntemlerden biridir.<\/span><br style=\"color: rgb(143, 143, 143); font-family: Lato, Georgia, &quot;Times New Roman&quot;, Times, serif; background-color: rgb(255, 255, 255);\"><span style=\"color: rgb(143, 143, 143); font-family: Lato, Georgia, &quot;Times New Roman&quot;, Times, serif; background-color: rgb(255, 255, 255);\">Ayr\u0131ca, tala\u015fl\u0131 imalat, \u00f6zellikle prototip \u00fcretiminde de yayg\u0131n olarak kullan\u0131l\u0131r. Yeni bir \u00fcr\u00fcn tasar\u0131m\u0131n\u0131n test edilmesi ve prototiplerinin \u00fcretilmesi s\u00fcrecinde, tala\u015fl\u0131 imalat h\u0131zl\u0131 ve uygun maliyetli \u00e7\u00f6z\u00fcmler sunabilir. Bu sayede, m\u00fchendisler ve tasar\u0131mc\u0131lar, \u00fcr\u00fcn\u00fcn tasar\u0131m\u0131ndaki hatalar\u0131 erkenden tespit edip d\u00fczeltme f\u0131rsat\u0131 bulurlar.<\/span><br style=\"color: rgb(143, 143, 143); font-family: Lato, Georgia, &quot;Times New Roman&quot;, Times, serif; background-color: rgb(255, 255, 255);\"><\/p><\/span>\n<span style=\"font-size:large;\"><p><strong style=\"font-weight: bold; color: rgb(143, 143, 143); font-family: Lato, Georgia, &quot;Times New Roman&quot;, Times, serif; background-color: rgb(255, 255, 255);\">\u00d6zet olarak<\/strong><br style=\"color: rgb(143, 143, 143); font-family: Lato, Georgia, &quot;Times New Roman&quot;, Times, serif; background-color: rgb(255, 255, 255);\"><span style=\"color: rgb(143, 143, 143); font-family: Lato, Georgia, &quot;Times New Roman&quot;, Times, serif; background-color: rgb(255, 255, 255);\">Tala\u015fl\u0131 imalat, sanayinin temel ta\u015flar\u0131ndan biri olup, y\u00fcksek hassasiyetli, karma\u015f\u0131k \u015fekillerde ve \u00e7e\u015fitli malzemelerde \u00fcr\u00fcnler \u00fcretme yetene\u011fiyle b\u00fcy\u00fck \u00f6neme sahiptir. Geli\u015fen teknoloji ile birlikte, tala\u015fl\u0131 imalat y\u00f6ntemlerinde de s\u00fcrekli yenilikler ve iyile\u015ftirmeler yap\u0131lmakta, daha verimli ve \u00e7evre dostu y\u00f6ntemler geli\u015ftirilmekte, b\u00f6ylece sanayiye olan katk\u0131lar\u0131 art\u0131r\u0131lmaktad\u0131r. Bu nedenle, tala\u015fl\u0131 imalat, g\u00fcn\u00fcm\u00fcz end\u00fcstrisinin vazge\u00e7ilmez bir par\u00e7as\u0131 olarak varl\u0131\u011f\u0131n\u0131 s\u00fcrd\u00fcrmektedir.<\/span><\/p><\/span><p><span style=\"color: rgb(143, 143, 143); font-family: Lato, Georgia, &quot;Times New Roman&quot;, Times, serif; background-color: rgb(255, 255, 255);\"><\/span><\/p>","protected":false},"excerpt":{"rendered":"","protected":false},"author":1,"featured_media":0,"parent":0,"menu_order":0,"comment_status":"closed","ping_status":"closed","template":"","meta":{"pagelayer_contact_templates":[],"_pagelayer_content":"","footnotes":""},"class_list":["post-336","page","type-page","status-publish","hentry"],"_links":{"self":[{"href":"https:\/\/mdmakina.com\/en\/wp-json\/wp\/v2\/pages\/336","targetHints":{"allow":["GET"]}}],"collection":[{"href":"https:\/\/mdmakina.com\/en\/wp-json\/wp\/v2\/pages"}],"about":[{"href":"https:\/\/mdmakina.com\/en\/wp-json\/wp\/v2\/types\/page"}],"author":[{"embeddable":true,"href":"https:\/\/mdmakina.com\/en\/wp-json\/wp\/v2\/users\/1"}],"replies":[{"embeddable":true,"href":"https:\/\/mdmakina.com\/en\/wp-json\/wp\/v2\/comments?post=336"}],"version-history":[{"count":3,"href":"https:\/\/mdmakina.com\/en\/wp-json\/wp\/v2\/pages\/336\/revisions"}],"predecessor-version":[{"id":340,"href":"https:\/\/mdmakina.com\/en\/wp-json\/wp\/v2\/pages\/336\/revisions\/340"}],"wp:attachment":[{"href":"https:\/\/mdmakina.com\/en\/wp-json\/wp\/v2\/media?parent=336"}],"curies":[{"name":"wp","href":"https:\/\/api.w.org\/{rel}","templated":true}]}}